{"id":13,"date":"2025-03-11T17:57:31","date_gmt":"2025-03-11T17:57:31","guid":{"rendered":"https:\/\/qvpinc.com\/wordpress2\/?page_id=13"},"modified":"2025-03-12T12:49:12","modified_gmt":"2025-03-12T12:49:12","slug":"accueil","status":"publish","type":"page","link":"https:\/\/qvpinc.com\/wordpress2\/","title":{"rendered":"Accueil"},"content":{"rendered":"\n<div id=\"wp-block-themeisle-blocks-button-group-60386094\" class=\"wp-block-themeisle-blocks-button-group wp-block-buttons align-center\">\n<div id=\"wp-block-themeisle-blocks-button-b9dcdc07\" class=\"wp-block-themeisle-blocks-button wp-block-button\"><a href=\"#equipement\" target=\"_self\" rel=\"noopener noreferrer\" class=\"wp-block-button__link\"><span>\u00c9quipements<\/span><\/a><\/div>\n<div id=\"wp-block-themeisle-blocks-button-d6e2c602\" class=\"wp-block-themeisle-blocks-button wp-block-button\"><a \nhref=\"#remerciement\" target=\"_self\" rel=\"noopener noreferrer\" class=\"wp-block-button__link\"><span>Remerciements<\/span><\/a><\/div>\n<div id=\"wp-block-themeisle-blocks-button-fea89ba9\" class=\"wp-block-themeisle-blocks-button wp-block-button\"><a href=\"#contact\" target=\"_self\" rel=\"noopener noreferrer\" class=\"wp-block-button__link\"><span>Contact<\/span><\/a><\/div>\n<\/div>\n\n\n\n<div class=\"wp-block-cover alignfull is-light has-parallax\" style=\"min-height:816px;aspect-ratio:unset;\"><span aria-hidden=\"true\" class=\"wp-block-cover__background has-background-dim\" style=\"background-color:#b09d9b\"><\/span><div class=\"wp-block-cover__image-background wp-image-103 has-parallax\" style=\"background-position:50% 50%;background-image:url(https:\/\/mld3bfcdmynh.i.optimole.com\/84LUqKQ-hhA1nLvZ\/w:auto\/h:auto\/f:best\/ig:avif\/q:mauto\/id:9737a0054996dc067c37982e38571f7e\/https:\/\/qvpinc.com\/DSC03602-1024x768-1.jpg)\"><\/div><div class=\"wp-block-cover__inner-container is-layout-flow wp-block-cover-is-layout-flow\">\n<h4 class=\"wp-block-heading alignwide has-white-color has-text-color has-link-color has-medium-font-size wp-elements-023720039c9e06e18fb09a5d35f172a1\">Notre entreprise QVP inc. fond\u00e9e en 1996, est sp\u00e9cialis\u00e9e dans le moulage de pi\u00e8ces de plastique par&nbsp;injection.&nbsp;Avec plus de&nbsp;20 ans&nbsp;d\u2019exp\u00e9rience en d\u00e9veloppement de produits,&nbsp;nous avons les connaissances et&nbsp;l\u2019expertise&nbsp;n\u00e9cessaires&nbsp;pour d\u00e9velopper&nbsp;des pi\u00e8ces&nbsp;de plastique et assemblage&nbsp;tr\u00e8s complexe.&nbsp;<\/h4>\n\n\n\n<h4 class=\"wp-block-heading alignwide has-white-color has-text-color has-link-color has-medium-font-size wp-elements-4f8a6ebcf94c719615a2d2aa1e77d11c\">Nous avons la capacit\u00e9&nbsp;de concevoir et&nbsp;d\u2019\u00e9laborer des&nbsp;prototypes, de g\u00e9rer les outillages prototypes,&nbsp;de&nbsp;productions et les&nbsp;outillages&nbsp;secondaires, de produire&nbsp;selon les rel\u00e2ches de commandes&nbsp;correspondant&nbsp;aux&nbsp;besoins du client et d\u2019assurer un suivi de production et&nbsp;de&nbsp;contr\u00f4le de la qualit\u00e9&nbsp;de&nbsp;premi\u00e8re classe.&nbsp;<\/h4>\n\n\n\n<h4 class=\"wp-block-heading alignwide has-white-color has-text-color has-link-color has-medium-font-size wp-elements-7e096f4d359fc5fbf55dd9cded542f99\">Nos clients proviennent de&nbsp;diff\u00e9rents secteurs d\u2019activit\u00e9s tr\u00e8s vari\u00e9s tels que :&nbsp;l\u2019industriel,&nbsp;le r\u00e9cr\u00e9atif,&nbsp;&nbsp;le promotionnel, &nbsp;l\u2019\u00e9lectronique,&nbsp;l\u2019optique, le sanitaire, le jouet, etc.&nbsp;&nbsp;<\/h4>\n\n\n\n<h4 class=\"wp-block-heading alignwide has-white-color has-text-color has-link-color has-medium-font-size wp-elements-948085be998f3098309eb21683ed12e5\">Nos connaissances&nbsp;en moulage par&nbsp;injection jumel\u00e9es&nbsp;\u00e0&nbsp;notre logiciel 3D-CAD&nbsp;nous&nbsp;permettent de bien&nbsp;analyser et&nbsp;de bien&nbsp;concevoir&nbsp;les pi\u00e8ces et d\u2019interagir avec nos clients et fournisseurs avec professionnalisme.&nbsp;&nbsp;<\/h4>\n\n\n\n<h4 class=\"wp-block-heading alignwide has-white-color has-text-color has-link-color has-medium-font-size wp-elements-8f00c0659a0cbb34db307d59e0f85906\">Notre exp\u00e9rience et notre&nbsp;collaboration avec&nbsp;notre&nbsp;r\u00e9seau de fournisseurs et sous-traitants&nbsp;sont des \u00e9l\u00e9ments-cl\u00e9s dans le d\u00e9veloppement&nbsp;de produits.<\/h4>\n\n\n\n<h4 class=\"wp-block-heading alignwide has-white-color has-text-color has-link-color has-medium-font-size wp-elements-0fdcfaaa29203d9b3ded185a3e7ed84e\">Avec nous, vous verrez que nous g\u00e9rons vos projets d\u2019une fa\u00e7on simple malgr\u00e9 la complexit\u00e9 des produits \u00e0 d\u00e9velopper. Vous&nbsp;obtiendrez vos pi\u00e8ces livr\u00e9es cl\u00e9 en main selon vos sp\u00e9cifications.&nbsp;<\/h4>\n<\/div><\/div>\n\n\n\n<div class=\"wp-block-ps2id-block-target\" id=\"equipement\"><\/div>\n\n\n\n<div class=\"wp-block-cover alignfull has-parallax is-light hestia-clear-top-padding\" style=\"min-height:593px;aspect-ratio:unset;\"><span aria-hidden=\"true\" class=\"wp-block-cover__background has-background-dim-40 has-background-dim\" style=\"background-color:#7b7b76\"><\/span><div class=\"wp-block-cover__image-background wp-image-104 has-parallax\" style=\"background-position:50% 50%;background-image:url(https:\/\/mld3bfcdmynh.i.optimole.com\/84LUqKQ-ofPds947\/w:auto\/h:auto\/f:best\/ig:avif\/q:mauto\/id:f54b2884de9c06f16aa08e4174116dd4\/https:\/\/qvpinc.com\/PXL_20250227_192029190_rotated-scaled.jpg)\"><\/div><div class=\"wp-block-cover__inner-container is-layout-flow wp-block-cover-is-layout-flow\">\n<h2 class=\"wp-block-heading has-text-align-center has-white-color has-text-color\"><strong>\u00c9quipements de production<\/strong><\/h2>\n\n\n\n<div style=\"height:40px\" aria-hidden=\"true\" class=\"wp-block-spacer\"><\/div>\n\n\n\n<div class=\"wp-block-columns container is-layout-flex wp-container-core-columns-is-layout-28f84493 wp-block-columns-is-layout-flex\">\n<div class=\"wp-block-column is-layout-flow wp-block-column-is-layout-flow\">\n<h4 class=\"wp-block-heading has-text-align-center has-white-color has-text-color\" style=\"font-size:18px\"><\/h4>\n\n\n\n<h6 class=\"wp-block-heading has-text-align-center has-white-color has-text-color has-link-color wp-elements-28cfb99e048e0bc7be13c5f02cecf4dd\"><\/h6>\n<\/div>\n\n\n\n<div class=\"wp-block-column is-layout-flow wp-block-column-is-layout-flow\">\n<h4 class=\"wp-block-heading has-text-align-center has-white-color has-text-color\" style=\"font-size:18px\">Presses \u00e0 injections<\/h4>\n\n\n\n<h6 class=\"wp-block-heading has-text-align-center has-white-color has-text-color has-link-color wp-elements-e3c42f137ae7c53057586682ae185588\">De 50 \u00e0 500 tonnes.<\/h6>\n<\/div>\n\n\n\n<div class=\"wp-block-column is-layout-flow wp-block-column-is-layout-flow\">\n<h4 class=\"wp-block-heading has-text-align-center has-white-color has-text-color\" style=\"font-size:18px\"><\/h4>\n\n\n\n<h6 class=\"wp-block-heading has-text-align-center\"><\/h6>\n<\/div>\n<\/div>\n\n\n\n<p><\/p>\n<\/div><\/div>\n\n\n\n<div class=\"wp-block-ps2id-block-target\" id=\"remerciement\"><\/div>\n\n\n\n<div class=\"wp-block-cover alignfull has-parallax is-light\" style=\"min-height:593px;aspect-ratio:unset;\"><span aria-hidden=\"true\" class=\"wp-block-cover__background has-background-dim-40 has-background-dim\" style=\"background-color:#686563\"><\/span><div class=\"wp-block-cover__image-background wp-image-106 has-parallax\" style=\"background-position:50% 50%;background-image:url(https:\/\/mld3bfcdmynh.i.optimole.com\/84LUqKQ-cvNuUc2W\/w:auto\/h:auto\/f:best\/ig:avif\/q:mauto\/id:519b9080640d5c75a05bdf5ce78a2c19\/https:\/\/qvpinc.com\/PXL_20250227_192225395-scaled.jpg)\"><\/div><div class=\"wp-block-cover__inner-container is-layout-flow wp-block-cover-is-layout-flow\">\n<h2 class=\"wp-block-heading has-text-align-center has-white-color has-text-color\"><strong>Remerciements<\/strong><\/h2>\n\n\n\n<h4 class=\"wp-block-heading alignwide has-text-align-center has-white-color has-text-color has-link-color has-medium-font-size wp-elements-3382ed7fbead39032b6654ae59852f4d\">Merci \u00e0 tous nos clients et fournisseurs pour leur support continuel et de nous faire confiance depuis toutes ces&nbsp;ann\u00e9es.<\/h4>\n<\/div><\/div>\n\n\n\n<div class=\"wp-block-cover alignfull has-parallax is-light\" style=\"min-height:593px;aspect-ratio:unset;\"><span aria-hidden=\"true\" class=\"wp-block-cover__background has-background-dim-40 has-background-dim\" style=\"background-color:#77726f\"><\/span><div class=\"wp-block-cover__image-background wp-image-107 has-parallax\" style=\"background-position:50% 50%;background-image:url(https:\/\/mld3bfcdmynh.i.optimole.com\/84LUqKQ-IDewPFZO\/w:auto\/h:auto\/f:best\/ig:avif\/q:mauto\/id:8ea0d5d71aea14bd5c4d6506097a3262\/https:\/\/qvpinc.com\/704-CEN-1-scaled.jpg)\"><\/div><div class=\"wp-block-cover__inner-container is-layout-flow wp-block-cover-is-layout-flow\">\n<h2 class=\"wp-block-heading has-text-align-center has-white-color has-text-color\"><\/h2>\n\n\n\n<h4 class=\"wp-block-heading alignwide has-text-align-center has-white-color has-text-color has-link-color has-medium-font-size wp-elements-81c18dba5c31bd071a4faea092ac8578\"><\/h4>\n<\/div><\/div>\n\n\n\n<div class=\"wp-block-ps2id-block-target\" id=\"contact-form\"><\/div>\n\n\n\n<p><\/p>\n","protected":false},"excerpt":{"rendered":"<p>\u00c9quipements Remerciements Contact<\/p>\n","protected":false},"author":1,"featured_media":0,"parent":0,"menu_order":0,"comment_status":"closed","ping_status":"closed","template":"","meta":{"footnotes":""},"class_list":["post-13","page","type-page","status-publish","hentry"],"_links":{"self":[{"href":"https:\/\/qvpinc.com\/wordpress2\/wp-json\/wp\/v2\/pages\/13","targetHints":{"allow":["GET"]}}],"collection":[{"href":"https:\/\/qvpinc.com\/wordpress2\/wp-json\/wp\/v2\/pages"}],"about":[{"href":"https:\/\/qvpinc.com\/wordpress2\/wp-json\/wp\/v2\/types\/page"}],"author":[{"embeddable":true,"href":"https:\/\/qvpinc.com\/wordpress2\/wp-json\/wp\/v2\/users\/1"}],"replies":[{"embeddable":true,"href":"https:\/\/qvpinc.com\/wordpress2\/wp-json\/wp\/v2\/comments?post=13"}],"version-history":[{"count":7,"href":"https:\/\/qvpinc.com\/wordpress2\/wp-json\/wp\/v2\/pages\/13\/revisions"}],"predecessor-version":[{"id":109,"href":"https:\/\/qvpinc.com\/wordpress2\/wp-json\/wp\/v2\/pages\/13\/revisions\/109"}],"wp:attachment":[{"href":"https:\/\/qvpinc.com\/wordpress2\/wp-json\/wp\/v2\/media?parent=13"}],"curies":[{"name":"wp","href":"https:\/\/api.w.org\/{rel}","templated":true}]}}